{"id":2913,"date":"2011-06-17T10:07:14","date_gmt":"2011-06-17T09:07:14","guid":{"rendered":"http:\/\/phoenixraid.de\/wordpress\/?page_id=2913"},"modified":"2018-05-17T15:41:54","modified_gmt":"2018-05-17T14:41:54","slug":"treffen-2011","status":"publish","type":"page","link":"https:\/\/phoenixraid.de\/wordpress\/?page_id=2913","title":{"rendered":"Treffen 2011"},"content":{"rendered":"<p><strong>05.08. &#8211; 07.08.2011<\/strong><\/p>\n<p>Unser Treffen 2011 fand dieses Jahr in Aschersleben statt. Oder wie ich es nun nenne &#8222;One-Way-City&#8220;. So viele Einbahnstra\u00dfen fand ich sonst nirgendwo. Ausrichter waren dieses Jahr Sanaki und seine Freundin Nancy!<\/p>\n<p>Once Again: Sch\u00f6n war&#8217;s ! Nach 3 Jahren Bremen brachte dieses Jahr ein Ortswechsel neue Spannung \ud83d\ude42<\/p>\n<p><strong>Teilnehmer 2011:<\/strong><\/p>\n<ul>\n<li>Sanaki &amp; Nancy<\/li>\n<li>Golo<\/li>\n<li>Snug &amp; Rami<\/li>\n<li>Thori<\/li>\n<li>Alfo<\/li>\n<li>Chippa<\/li>\n<li>Grywn<\/li>\n<li>Dynamic<\/li>\n<li>Bronx &amp; Lati<\/li>\n<\/ul>\n<p><strong>SHAME ON YOU an alle die nicht da waren \ud83d\ude42<\/strong><\/p>\n<p><strong>Freitag&#8230;<\/strong><\/p>\n<p>&#8230; halb 5 sind wir losgefahren. Ein wenig sp\u00e4ter als wir wollten, aber noch im Rahmen. Knapp unter 4,5 Stunden sagte Google Maps, was wir eigentlich unterbieten wollten, aber dank Baustellenstau nicht mal einhalten konnten *buuuh* \ud83d\ude41<\/p>\n<p>Ab 20:00 Uhr war ein Tisch in <a href=\"http:\/\/www.weisse-taube-aschersleben.de\/\" target=\"_blank\">der wei\u00dfen Taube<\/a> reserviert. Lati &amp; Bronx warteten dort. Sanaki, Nancy und Golo warteten am Dojo. &#8222;Wir (Wahl-)Bayern&#8220; und auch Chippi &amp; Thori waren noch &#8222;on the road&#8220;. Erst gegen 21:45 kamen wir in Aschersleben an. Die 2 &#8222;Gr\u00fcppchen&#8220; hatten sich mittlerweile in der wei\u00dfen Taube eingefunden und waren schon satt.<\/p>\n<p>Das Buffet, dass eigentlich gegen 22:00 Uhr abgebaut werden sollte, konnte dank deren \u00dcberredungsk\u00fcnste, auch noch von uns genossen werden. Hauptthema war die &#8222;Bundesstra\u00dfe&#8220; B6n, die einige am Tisch als &#8222;Autobahn&#8220; genutzt hatten und sich nun nicht mehr sicher waren, ob sie sich \u00fcber neue Fotos &#8222;freuen&#8220; d\u00fcrfen.<\/p>\n<p><a href=\"https:\/\/phoenixraid.de\/wordpress\/wp-content\/uploads\/2011\/06\/Ascania-Karate-Traditionell.jpg\" rel=\"lightbox[2913]\"><img loading=\"lazy\" decoding=\"async\" class=\"size-medium wp-image-2958 alignright\" title=\"Ascania-Karate-Traditionell\" src=\"https:\/\/phoenixraid.de\/wordpress\/wp-content\/uploads\/2011\/06\/Ascania-Karate-Traditionell-300x151.jpg\" alt=\"\" width=\"300\" height=\"151\" srcset=\"https:\/\/phoenixraid.de\/wordpress\/wp-content\/uploads\/2011\/06\/Ascania-Karate-Traditionell-300x151.jpg 300w, https:\/\/phoenixraid.de\/wordpress\/wp-content\/uploads\/2011\/06\/Ascania-Karate-Traditionell.jpg 343w\" sizes=\"auto, (max-width: 300px) 100vw, 300px\" \/><\/a>Nach dem Essen ging es noch lang weiter im Dojo. <a href=\"http:\/\/de.wikipedia.org\/wiki\/D%C5%8Dj%C5%8D\">Dojo<\/a>? Was ist das? Im Prinzip das &#8222;Vereinsheim&#8220; und die Traningsst\u00e4tte des Ascania-Karate-Vereins bei dem Sanaki Mitglied ist. Wir durften es an diesem Wochenende nutzen. Am Rand von Aschersleben konnten wir so krach machen ohne jemanden zu st\u00f6ren (okay die Tiere nebenan hatten sicher einen unruhigeren Schlaf). Denn Freitags konnten die letzten sich erst gegen halb 7 ins Bett fallen lassen. Denn 20 Minuten Fu\u00dfweg zur Pension lassen sich ohne Probleme auf 1,5 Stunden ausweiten&#8230; wenn man sein Fu\u00dfg\u00e4ngernavi nicht &#8222;n\u00fcchtern&#8220; einstellt \ud83d\ude09<\/p>\n<p><strong>Samstag&#8230;<\/strong><\/p>\n<p>&#8222;Wir treffen uns dann um halb 11 im Dojo&#8220; &#8230; alles klar. Rami &amp; Snug sind also um 11 im Dojo&#8230; ein wenig sp\u00e4ter&#8230; aber viel weniger Schlaf ging nicht. Es sollte bis 14:00 Uhr dauern bis die letzten aufgewacht waren und gefr\u00fchst\u00fcckt hatten.<\/p>\n<p><a href=\"https:\/\/phoenixraid.de\/wordpress\/wp-content\/uploads\/2011\/06\/trasse.jpg\" rel=\"lightbox[2913]\"><img loading=\"lazy\" decoding=\"async\" class=\"alignleft size-medium wp-image-2954\" title=\"trasse\" src=\"https:\/\/phoenixraid.de\/wordpress\/wp-content\/uploads\/2011\/06\/trasse-300x217.jpg\" alt=\"\" width=\"300\" height=\"217\" srcset=\"https:\/\/phoenixraid.de\/wordpress\/wp-content\/uploads\/2011\/06\/trasse-300x217.jpg 300w, https:\/\/phoenixraid.de\/wordpress\/wp-content\/uploads\/2011\/06\/trasse.jpg 640w\" sizes=\"auto, (max-width: 300px) 100vw, 300px\" \/><\/a>Anschlie\u00dfend wurde von den Ortskundigen \u00fcberlegt wohin wir nun aufbrechen. Zur Wahl stand der <a href=\"http:\/\/www.zoo-aschersleben.de\/\" target=\"_blank\">Zoo nebenan<\/a>, dessen Hauptattraktion wei\u00dfe und bengalische Tiger sind und die <a href=\"http:\/\/www.seilbahnen-thale.de\" target=\"_blank\">Seilbahnfahrt zum Hexentanzplatz in Thale<\/a>. F\u00fcr letzteres haben wir uns dann entschieden. Eine Hexe f\u00fcr den Hexenkessel hatten wir ja auch dabei \ud83d\ude42<\/p>\n<p>Mit 3 Autos ging es auf nach Thale.<\/p>\n<p><a href=\"https:\/\/phoenixraid.de\/wordpress\/wp-content\/uploads\/2011\/06\/Leberwursteis.jpg\" rel=\"lightbox[2913]\"><img loading=\"lazy\" decoding=\"async\" class=\"alignright size-medium wp-image-2955\" title=\"Leberwursteis\" src=\"https:\/\/phoenixraid.de\/wordpress\/wp-content\/uploads\/2011\/06\/Leberwursteis-300x199.jpg\" alt=\"\" width=\"300\" height=\"199\" srcset=\"https:\/\/phoenixraid.de\/wordpress\/wp-content\/uploads\/2011\/06\/Leberwursteis-300x199.jpg 300w, https:\/\/phoenixraid.de\/wordpress\/wp-content\/uploads\/2011\/06\/Leberwursteis-1024x680.jpg 1024w, https:\/\/phoenixraid.de\/wordpress\/wp-content\/uploads\/2011\/06\/Leberwursteis.jpg 1504w\" sizes=\"auto, (max-width: 300px) 100vw, 300px\" \/><\/a>Nach kurzem Marsch, bei dem wir unter anderem bei einer Eisdiele vorbeiliefen, die &#8222;Leberwursteis&#8220; feil bot (<em>f\u00fcr Hunde<\/em>), kamen wir in der &#8222;Seilbahnen Tahle Erlebniswelt&#8220; an. Dort gibt es f\u00fcr gro\u00df und klein einiges um sich die Zeit zu vertreiben. Mercl war total begeistert vom &#8222;rasend schnellen&#8220; Hexenbesen&#8220;fahrdings&#8220;&#8230; *hust*<\/p>\n<p><a href=\"https:\/\/phoenixraid.de\/wordpress\/wp-content\/uploads\/2011\/06\/Hexenbesen.jpg\" rel=\"lightbox[2913]\"><img loading=\"lazy\" decoding=\"async\" class=\"size-medium wp-image-2959 alignright\" title=\"Hexenbesen\" src=\"https:\/\/phoenixraid.de\/wordpress\/wp-content\/uploads\/2011\/06\/Hexenbesen-300x225.jpg\" alt=\"\" width=\"300\" height=\"225\" srcset=\"https:\/\/phoenixraid.de\/wordpress\/wp-content\/uploads\/2011\/06\/Hexenbesen-300x225.jpg 300w, https:\/\/phoenixraid.de\/wordpress\/wp-content\/uploads\/2011\/06\/Hexenbesen.jpg 700w\" sizes=\"auto, (max-width: 300px) 100vw, 300px\" \/><\/a>Als wir \u00fcber eine Br\u00fccke kamen sahen wir den <a href=\"http:\/\/www.kletterwald-thale.de\" target=\"_blank\">Kletterwald<\/a>, der eigentlich f\u00fcr diesen Tag geplant war. Allerdings hatten wir aufgrund des Wetterberichts unsere Gruppenanmeldung storniert. Da haben wir ein wenig zugeschaut und beschlossen: Plan\u00e4nderung: Wir gehen klettern! Das Wetter spielte gott-sei-dank auch noch mit!<\/p>\n<p><a href=\"https:\/\/phoenixraid.de\/wordpress\/wp-content\/uploads\/2011\/06\/Klettergarten.jpg\" rel=\"lightbox[2913]\"><img loading=\"lazy\" decoding=\"async\" class=\"alignright size-medium wp-image-2952\" title=\"Klettergarten\" src=\"https:\/\/phoenixraid.de\/wordpress\/wp-content\/uploads\/2011\/06\/Klettergarten-300x225.jpg\" alt=\"\" width=\"300\" height=\"225\" srcset=\"https:\/\/phoenixraid.de\/wordpress\/wp-content\/uploads\/2011\/06\/Klettergarten-300x225.jpg 300w, https:\/\/phoenixraid.de\/wordpress\/wp-content\/uploads\/2011\/06\/Klettergarten-1024x768.jpg 1024w\" sizes=\"auto, (max-width: 300px) 100vw, 300px\" \/><\/a>9\/12 kletterten mit. Grywn, der sich am abend davor den Magen verdorben hatte, Nancy und Bronx blieben am Boden. Aufgeschnallt und ab zur Einweisung, wo die n\u00f6tigen Handgriffe erkl\u00e4rt wurden. Dannach ab auf den gr\u00fcnen Parcour, der einer der einfacheren (Schwierigkeit: Mittel-Schwer) hohen (H\u00f6he: 6-7 Meter) Parcours aber auch einer der L\u00e4ngste (14 Elemente) ist.<\/p>\n<p>Ohne &#8222;Wipe&#8220; waren wir eine knappe Stunde sp\u00e4ter wieder komplett mit wackeligen Beinen am Boden. Das einer der Trainer Angst hatte er m\u00fcsse einen von uns retten verschweigen wir hier besser mal *hust* 6 von uns gingen nochmal eine zweite Runde (roter Parcour \/ Mittel-Schwer \/ 14 Elemente \/ 6-7 Meter H\u00f6he aber mit langer Seilbahn!).<\/p>\n<p>Abends ging es zur\u00fcck nach Aschersleben, wo nach kurzer Duschpause, der Tag mit Grillen, Golo&#8217;s Wii Rockband, wahlweise Bier oder Erdbeervodka und viel Palaver ausklang.<\/p>\n<p><strong>Sonntag&#8230;<\/strong><\/p>\n<p>&#8230; wurde nach dem Fr\u00fchst\u00fcck, abgerechnet und aufger\u00e4umt. Das Dojo ist nun wieder in &#8222;Originalzustand&#8220;, aber um einen vollen K\u00fchlschrank reicher \ud83d\ude09 Hoffen wir auf gutes Wetter am Dienstag, so dass die Reste vom Grillfleisch noch vernichtet werden k\u00f6nnen.<\/p>\n<p>Gegen 15:00 Uhr brachen wir auf den Heimweg auf!<\/p>\n<p><strong>Was soll ich sagen : Sch\u00f6n war&#8217;s \ud83d\ude42<\/strong><\/p>\n<p><strong>Und Nochmal DANKE f\u00fcr das tolle Treffen \ud83d\ude42<\/strong><\/p>\n","protected":false},"excerpt":{"rendered":"<p>05.08. &#8211; 07.08.2011 Unser Treffen 2011 fand dieses Jahr in Aschersleben statt. Oder wie ich es nun nenne &#8222;One-Way-City&#8220;. So viele Einbahnstra\u00dfen fand ich sonst nirgendwo. Ausrichter waren dieses Jahr Sanaki und seine Freundin Nancy! Once Again: Sch\u00f6n war&#8217;s ! &hellip; <a href=\"https:\/\/phoenixraid.de\/wordpress\/?page_id=2913\">Weiterlesen <span class=\"meta-nav\">&rarr;<\/span><\/a><\/p>\n","protected":false},"author":17,"featured_media":0,"parent":0,"menu_order":3,"comment_status":"closed","ping_status":"open","template":"","meta":{"footnotes":""},"class_list":["post-2913","page","type-page","status-publish","hentry"],"_links":{"self":[{"href":"https:\/\/phoenixraid.de\/wordpress\/index.php?rest_route=\/wp\/v2\/pages\/2913","targetHints":{"allow":["GET"]}}],"collection":[{"href":"https:\/\/phoenixraid.de\/wordpress\/index.php?rest_route=\/wp\/v2\/pages"}],"about":[{"href":"https:\/\/phoenixraid.de\/wordpress\/index.php?rest_route=\/wp\/v2\/types\/page"}],"author":[{"embeddable":true,"href":"https:\/\/phoenixraid.de\/wordpress\/index.php?rest_route=\/wp\/v2\/users\/17"}],"replies":[{"embeddable":true,"href":"https:\/\/phoenixraid.de\/wordpress\/index.php?rest_route=%2Fwp%2Fv2%2Fcomments&post=2913"}],"version-history":[{"count":13,"href":"https:\/\/phoenixraid.de\/wordpress\/index.php?rest_route=\/wp\/v2\/pages\/2913\/revisions"}],"predecessor-version":[{"id":3873,"href":"https:\/\/phoenixraid.de\/wordpress\/index.php?rest_route=\/wp\/v2\/pages\/2913\/revisions\/3873"}],"wp:attachment":[{"href":"https:\/\/phoenixraid.de\/wordpress\/index.php?rest_route=%2Fwp%2Fv2%2Fmedia&parent=2913"}],"curies":[{"name":"wp","href":"https:\/\/api.w.org\/{rel}","templated":true}]}}