{"id":2982,"date":"2011-10-06T11:16:38","date_gmt":"2011-10-06T10:16:38","guid":{"rendered":"http:\/\/phoenixraid.de\/wordpress\/?page_id=2982"},"modified":"2018-05-17T15:42:05","modified_gmt":"2018-05-17T14:42:05","slug":"videos","status":"publish","type":"page","link":"https:\/\/phoenixraid.de\/wordpress\/?page_id=2982","title":{"rendered":"Videos"},"content":{"rendered":"<p><strong>&lt;IPh\u00f6nixI&gt; vs. Todesschwinge (Drachenseele)<\/strong><br \/>\nAufgenommen von F\u00e4he am 12.02.2012<br \/>\n<iframe loading=\"lazy\" src=\"http:\/\/www.youtube.com\/embed\/QB7wkDD1054?rel=0&amp;hd=1\" frameborder=\"0\" width=\"640\" height=\"355\"><\/iframe><\/p>\n<p><strong>&lt;IPh\u00f6nixI&gt; vs. Shannox HM (Feuerlande)<\/strong><br \/>\nAufgenommen von F\u00e4he am 16.10.2011<br \/>\n<iframe loading=\"lazy\" src=\"http:\/\/www.youtube.com\/embed\/AMMsxB164Xo?rel=0&amp;hd=1\" frameborder=\"0\" width=\"640\" height=\"464\"><\/iframe><\/p>\n<p><strong>&lt;IPh\u00f6nixI&gt; vs. Ragnaros (Feuerlande)<\/strong><br \/>\nAufgenommen von Grywn am 17.10.2011<br \/>\n<iframe loading=\"lazy\" src=\"http:\/\/www.youtube.com\/embed\/MafGZzICyo8?rel=0&amp;hd=1\" frameborder=\"0\" width=\"640\" height=\"355\"><\/iframe><\/p>\n<p><strong>&lt;IPh\u00f6nixI&gt; vs. Ragnaros (Feuerlande)<\/strong><br \/>\nAufgenommen von F\u00e4he am 03.10.2011<br \/>\n<iframe loading=\"lazy\" src=\"http:\/\/www.youtube.com\/embed\/bFAQxr0kE8Q?rel=0&amp;hd=1\" frameborder=\"0\" width=\"640\" height=\"480\"><\/iframe><\/p>\n<p><strong>&lt;IPh\u00f6nixI&gt; vs. Nefarian (Pechschwingenabstieg)<\/strong><br \/>\nAufgenommen von Ranzig am 30.05.2011<br \/>\n<iframe loading=\"lazy\" src=\"http:\/\/www.youtube.com\/embed\/bup_PjPmhnw?rel=0&amp;hd=1\" frameborder=\"0\" width=\"640\" height=\"480\"><\/iframe><\/p>\n<p><strong>&lt;<strong>IPh\u00f6nixI<\/strong>&gt; vs. Konklave des Windes (Thron der 4 Winde)<\/strong><br \/>\nAufgenommen von Traumb\u00e4rchi am 29.05.2011<br \/>\n<iframe loading=\"lazy\" src=\"http:\/\/www.youtube.com\/embed\/8l8vBap928U?rel=0&amp;hd=1\" frameborder=\"0\" width=\"640\" height=\"360\"><\/iframe><\/p>\n","protected":false},"excerpt":{"rendered":"<p>&lt;IPh\u00f6nixI&gt; vs. Todesschwinge (Drachenseele) Aufgenommen von F\u00e4he am 12.02.2012 &lt;IPh\u00f6nixI&gt; vs. Shannox HM (Feuerlande) Aufgenommen von F\u00e4he am 16.10.2011 &lt;IPh\u00f6nixI&gt; vs. Ragnaros (Feuerlande) Aufgenommen von Grywn am 17.10.2011 &lt;IPh\u00f6nixI&gt; vs. Ragnaros (Feuerlande) Aufgenommen von F\u00e4he am 03.10.2011 &lt;IPh\u00f6nixI&gt; vs. Nefarian &hellip; <a href=\"https:\/\/phoenixraid.de\/wordpress\/?page_id=2982\">Weiterlesen <span class=\"meta-nav\">&rarr;<\/span><\/a><\/p>\n","protected":false},"author":1,"featured_media":0,"parent":0,"menu_order":5,"comment_status":"closed","ping_status":"open","template":"","meta":{"footnotes":""},"class_list":["post-2982","page","type-page","status-publish","hentry"],"_links":{"self":[{"href":"https:\/\/phoenixraid.de\/wordpress\/index.php?rest_route=\/wp\/v2\/pages\/2982","targetHints":{"allow":["GET"]}}],"collection":[{"href":"https:\/\/phoenixraid.de\/wordpress\/index.php?rest_route=\/wp\/v2\/pages"}],"about":[{"href":"https:\/\/phoenixraid.de\/wordpress\/index.php?rest_route=\/wp\/v2\/types\/page"}],"author":[{"embeddable":true,"href":"https:\/\/phoenixraid.de\/wordpress\/index.php?rest_route=\/wp\/v2\/users\/1"}],"replies":[{"embeddable":true,"href":"https:\/\/phoenixraid.de\/wordpress\/index.php?rest_route=%2Fwp%2Fv2%2Fcomments&post=2982"}],"version-history":[{"count":18,"href":"https:\/\/phoenixraid.de\/wordpress\/index.php?rest_route=\/wp\/v2\/pages\/2982\/revisions"}],"predecessor-version":[{"id":4023,"href":"https:\/\/phoenixraid.de\/wordpress\/index.php?rest_route=\/wp\/v2\/pages\/2982\/revisions\/4023"}],"wp:attachment":[{"href":"https:\/\/phoenixraid.de\/wordpress\/index.php?rest_route=%2Fwp%2Fv2%2Fmedia&parent=2982"}],"curies":[{"name":"wp","href":"https:\/\/api.w.org\/{rel}","templated":true}]}}