{"id":3094,"date":"2013-07-08T22:36:05","date_gmt":"2013-07-08T21:36:05","guid":{"rendered":"http:\/\/phoenixraid.de\/wordpress\/?page_id=3094"},"modified":"2018-05-17T15:41:54","modified_gmt":"2018-05-17T14:41:54","slug":"treffen-2012","status":"publish","type":"page","link":"https:\/\/phoenixraid.de\/wordpress\/?page_id=3094","title":{"rendered":"Treffen 2012"},"content":{"rendered":"<p><strong>07.09. &#8211; 09.09.2012<\/strong><\/p>\n<p>Im Gololand ist es sch\u00f6n &#8211; daher sind wir gerne erneut der Einladung Richtung Bremen gefolgt! Zun\u00e4chst einmal danke an Golo &amp; Nartara f\u00fcr die erneute Ausrichtung unseres kleinen Treffens \ud83d\ude42<\/p>\n<p><strong>Teilnehmer 2012:<\/strong><\/p>\n<ul>\n<li>Golo &amp; Nartara<\/li>\n<li>Sanaki &amp; Nancy<\/li>\n<li>Snug &amp; Rami<\/li>\n<li>Thori<\/li>\n<li>Alfo<\/li>\n<li>Chippa<\/li>\n<li>Verveine<\/li>\n<li>Eki<\/li>\n<li>Mattes (Freitag &#8211; leider viel zu kurz)<\/li>\n<\/ul>\n<p>Sobald die Fotos von Chippa den Weg von der Speicherkarte ins Internet gefunden haben, werden sie nat\u00fcrlich wieder mit euch geteilt.<\/p>\n<p>Wie immer die Devise: Wer dabei war erh\u00e4lt Erinnerungsfotos &#8211; wer nicht &#8211; der nicht!<\/p>\n<p><strong>SHAME ON YOU!<\/strong><\/p>\n<p>Aber mal zur\u00fcck zum Treffen:<\/p>\n<p><strong>Die Tage vor Freitag&#8230;<\/strong><\/p>\n<p>&#8230; dank Urlaub sind wir diesmal schon 2 Tage fr\u00fcher in den Norden gereist. Die Deutsche Bu&#8230;mmelbahn hat uns Mittwoch morgen geschnappt, ab nach Hamburg wo wir 2 sehr laufintensive Tage verlebt haben. Von Kiez bis Kirche haben wir alles angeschaut, was uns eingefallen ist.<\/p>\n<p><strong>Am Freitag&#8230;<\/strong><\/p>\n<p>&#8230; nachmittag sind wir dann von HH nach Achim mit Zwischenstop in Bremen gefahren. In Bremen auf dem Bahnsteig fiel die Anzeige aus. Aus Spa\u00df &#8222;unsere Bahn f\u00e4llt wohl aus&#8220; wurde ernst und wir mu\u00dften auf die n\u00e4chste Bahn warten. Mit halbst\u00fcndiger Versp\u00e4tung wurden wir von Golo in Empfang genommen.<\/p>\n<p>Ab 19:30 Uhr war f\u00fcr uns ein Tisch im <a href=\"https:\/\/plus.google.com\/106908810168921990853\/\" target=\"_blank\">Restaurant Kreta<\/a> &#8211; Griechisch &#8211; reserviert. Alle &#8211; au\u00dfer Mattes (weil daheim), Sanaki und Nancy (weil im Stau) &#8211; kamen mit. Bei Ouzo und gro\u00dfen Tellern mit viel mehr Fleisch Oo wurde das Raidtreffen er\u00f6ffnet.<\/p>\n<p>Gott sei dank wartete vor der T\u00fcr das Auto &#8211; so mu\u00dften wir nicht ins Gololand zur\u00fcckkugeln \ud83d\ude42<\/p>\n<p>Der Abend klang mit Bier und Wein, etwas Guitar Hero und viel Frischluft aus.<\/p>\n<p><strong>Samstag&#8230;<\/strong><\/p>\n<p>Um 8 weckte mich mein Handy &#8211; bis 10 Uhr sollte es dauern, bis das Bad frei war. Gut, wenn man die Badt\u00fcr vom Bett aus h\u00f6rt \ud83d\ude42 nach dem Fr\u00fchst\u00fcck wurden 3 Autos vollgepackt und auf ging es nach Bremerhaven. Dort angekommen gings ins <a href=\"http:\/\/klimahaus-bremerhaven.de\" target=\"_blank\">Klimahaus: Einmal rund um die Welt!<\/a><\/p>\n<p>Nachdem wir erfolgreich die Kuhrennolympiade und -paralympics absolviert hatten, fanden wir\u00a0 uns geschrumpft in Sardinien wieder. Der Herdentrieb bewegte uns dazu Ameisen\u00e4hnlich durch die riesige Wiese zu krabbeln bis wir in einer Dose an der Wetterkontrolle f\u00fcr die anschlie\u00dfenden R\u00e4ume spielen durften. Das n\u00e4chste Land das wir kennenlernen durften war der Niger. Hitze und neue Ger\u00fcche durchstr\u00f6mten den Raum. Wir lernten was Wichtig ist f\u00fcr die Menschen und unter anderem, dass die Erde doch eine Scheibe sein muss!!<\/p>\n<p>Da sich Eki ein wenig schneller und Golo ein wenig langsamer (erstmal ein Nickerchen im Niger!) um den Globus bewegten, zersprengte sich unsere Gruppe immer weiter. Jeder in seinem Tempo eben!<\/p>\n<p>In Kamerun stapften wir durch den Dschungel bei Nacht (spielende Kinder machten ihn zu einem &#8222;Bremerhaven Dungeon&#8220;), h\u00f6rten Trommeln und \u00fcberquerten einen Miniatur Kletterpark, der Erinnerungen ans letztj\u00e4hrige Treffen hervorrief.<\/p>\n<p>Dannach machten wir es uns in einem kleinen Pausenkaffee gem\u00fctlich, wo sich unsere Gruppe wieder zusammenfand, um Eindr\u00fccke auszutauschen und nat\u00fcrlich Kaffee(!! nach den Tropen sicher seeehr empfehlenswert!!) &#8211; nur um gleich wieder zu zersprenkeln \ud83d\ude42<\/p>\n<p>Die Antarktis k\u00fchlte uns anschlie\u00dfend ab. Einstimmige Meinung: Dieser Teil der Welt ist ein wenig zu klein geraten. Trotzdem Imposant zu sehen, welche Ausr\u00fcstung man f\u00fcr eine Reise ins ewige Eis ben\u00f6tigt.<\/p>\n<p>Diese w\u00e4re in der n\u00e4chsten Station Samoa fehl am Platze. Neben dem feuchtwarmen Klima konnte hier ein Zyklon erlebt werden. Samoa \u00fcberzeugte &#8211; besonders die gem\u00fctliche Veranda lud zum Verweilen ein bevor man in die Tiefsee startete. Dort bekam Chippi einen waren Fotowahn. Bei der bunten Vielfalt an gro\u00dfen und kleinen Fischen aber kein Wunder.<\/p>\n<p>Den letzten Ausl\u00e4ndischen Boden ber\u00fchrten wir in Alaska, wo wir den Eskimos beim Jagen zusehen durften und den Einfluss des Klimawandels so richtig sp\u00fcrbar machte. Ebenso auf Hallig, wo wir eine Sturmflut erlebten bevor wir wieder nach Bremerhaven zur\u00fcck kamen.<\/p>\n<p>In der Zusatzausstellung &#8222;Elemente&#8220; wurde die Auswirkung der einzelnen Elemente Feuer, Wasser, Erde und Luft auf uns und die Erde in Experimenten und Spielen beleuchtet. Leider funktionierte nicht alles \ud83d\ude41 trotzdem ein lohnender Abschluss der Reise um die Welt!<\/p>\n<p>Da wir in der letzten Gruppe waren, haben wir keinen Klimatest mehr gemacht &#8211; einige allerdings schon. Einen Klimarechner &#8222;zum Mitnehmen&#8220; gibt&#8217;s <a href=\"http:\/\/klimahaus-bremerhaven.klimaktiv-co2-rechner.de\/de_DE\/popup\/\">Online<\/a>.<\/p>\n<p>&nbsp;<\/p>\n<p><strong>Sonntag&#8230;<\/strong><\/p>\n<p>&#8230; wurde nach dem Fr\u00fchst\u00fcck, abgerechnet, aufger\u00e4umt und palavert.<\/p>\n<p>Gegen 15:00 Uhr brachen wir auf den Heimweg auf!<\/p>\n<p><strong>Was soll ich sagen : Sch\u00f6n war&#8217;s \ud83d\ude42<\/strong><\/p>\n<p><strong>Und Nochmal DANKE f\u00fcr das tolle Treffen \ud83d\ude42<br \/>\n<\/strong><\/p>\n","protected":false},"excerpt":{"rendered":"<p>07.09. &#8211; 09.09.2012 Im Gololand ist es sch\u00f6n &#8211; daher sind wir gerne erneut der Einladung Richtung Bremen gefolgt! Zun\u00e4chst einmal danke an Golo &amp; Nartara f\u00fcr die erneute Ausrichtung unseres kleinen Treffens \ud83d\ude42 Teilnehmer 2012: Golo &amp; Nartara Sanaki &hellip; <a href=\"https:\/\/phoenixraid.de\/wordpress\/?page_id=3094\">Weiterlesen <span class=\"meta-nav\">&rarr;<\/span><\/a><\/p>\n","protected":false},"author":17,"featured_media":0,"parent":0,"menu_order":2,"comment_status":"closed","ping_status":"open","template":"","meta":{"footnotes":""},"class_list":["post-3094","page","type-page","status-publish","hentry"],"_links":{"self":[{"href":"https:\/\/phoenixraid.de\/wordpress\/index.php?rest_route=\/wp\/v2\/pages\/3094","targetHints":{"allow":["GET"]}}],"collection":[{"href":"https:\/\/phoenixraid.de\/wordpress\/index.php?rest_route=\/wp\/v2\/pages"}],"about":[{"href":"https:\/\/phoenixraid.de\/wordpress\/index.php?rest_route=\/wp\/v2\/types\/page"}],"author":[{"embeddable":true,"href":"https:\/\/phoenixraid.de\/wordpress\/index.php?rest_route=\/wp\/v2\/users\/17"}],"replies":[{"embeddable":true,"href":"https:\/\/phoenixraid.de\/wordpress\/index.php?rest_route=%2Fwp%2Fv2%2Fcomments&post=3094"}],"version-history":[{"count":9,"href":"https:\/\/phoenixraid.de\/wordpress\/index.php?rest_route=\/wp\/v2\/pages\/3094\/revisions"}],"predecessor-version":[{"id":3610,"href":"https:\/\/phoenixraid.de\/wordpress\/index.php?rest_route=\/wp\/v2\/pages\/3094\/revisions\/3610"}],"wp:attachment":[{"href":"https:\/\/phoenixraid.de\/wordpress\/index.php?rest_route=%2Fwp%2Fv2%2Fmedia&parent=3094"}],"curies":[{"name":"wp","href":"https:\/\/api.w.org\/{rel}","templated":true}]}}