{"id":3524,"date":"2014-03-05T16:29:49","date_gmt":"2014-03-05T15:29:49","guid":{"rendered":"http:\/\/phoenixraid.de\/wordpress\/?page_id=3524"},"modified":"2018-05-17T15:41:54","modified_gmt":"2018-05-17T14:41:54","slug":"treffen-2013","status":"publish","type":"page","link":"https:\/\/phoenixraid.de\/wordpress\/?page_id=3524","title":{"rendered":"Treffen 2013"},"content":{"rendered":"<p><strong>16.08. &#8211; 18.08.2013<\/strong><\/p>\n<p>Wohin f\u00e4hrt man bei strahlendem Sonnenschein? Nat\u00fcrlich ins Gololand! Alte und neue Gesichter trafen sich wiedermal in der N\u00e4he von Bremen zu unserem &#8222;traditionellen&#8220; Sommertreffen. Ein gro\u00dfes Dankesch\u00f6n geht nat\u00fcrlich an unsere Veranstalter Gololo und Trudchen.<\/p>\n<p><strong>Teilnehmer 2013:<\/strong><\/p>\n<ul>\n<li>Golo &amp; Trudchen (aka Nartara aka Petra :D)<\/li>\n<li>Snug &amp; Rami<\/li>\n<li>Thori<\/li>\n<li>Alfo<\/li>\n<li>Chippa<\/li>\n<li>Verveine<\/li>\n<li>Eki<\/li>\n<li>Mattes (Freitag)<\/li>\n<li>Leprincess<\/li>\n<li>Satyrelle<\/li>\n<li>Vaena<\/li>\n<li>Grusella<\/li>\n<li>Antonius (Freitag auf Samstag)<\/li>\n<li>Shaniqua (nur Samstag)<\/li>\n<\/ul>\n<p>Wie immer die Devise: Wer dabei war erh\u00e4lt Erinnerungsfotos &#8211; wer nicht &#8211; der nicht!<\/p>\n<p><strong>SHAME ON YOU!<\/strong><\/p>\n<p>Zur\u00fcck zum Treffen:<\/p>\n<p><strong>Am Freitag&#8230;<\/strong><\/p>\n<p>&#8230; wurde die Anfahrt f\u00fcr uns zum Geduldsspiel. Von daheim aus Richtung Regensburg trafen wir uns mit Vaena um gemeinsam die Ostroute Richtung Achim zu fahren. Doch zahlreiche Baustellen und noch mehr Staus versperrten uns die freie Fahrt. Doch nach 8,5 Stunden (gegen 21:00 Uhr) waren wir endlich da.<\/p>\n<p>Alle anderen (nat\u00fcrlich) schon vor uns. F\u00fcr uns alle war ab 19:30 Uhr ein Tisch im <a href=\"https:\/\/plus.google.com\/106908810168921990853\/\" target=\"_blank\">Restaurant Kreta<\/a> &#8211; Griechisch &#8211; reserviert. Und so fuhren wir nach kurzem Hotel-Check-In-Stop direkt zum Restaurant um uns dazuzugesellen. Fix bestellt haben wir uns gleich in die Gespr\u00e4che (und Ouzo-Runden) eingeklinkt &#8211; so konnte es losgehen \ud83d\ude42<\/p>\n<p>Sp\u00e4ter klang der Abend mit Bier und Wein und viel Frischluft aus.<\/p>\n<p><strong>Samstag&#8230;<\/strong><\/p>\n<p>&#8230;.klingte der Wecker wieder viel zu fr\u00fch *blinzel*&#8230; verschlafen machten wir uns auf den Weg zum Fr\u00fchst\u00fcck. Leider musste Antonius uns dann auch schon wieder verlassen. Daf\u00fcr stand pl\u00f6tzlich Shaniqua (aber nat\u00fcrlich mit Ank\u00fcndigung) im Wintergarten, dem wir erstmal eine Raterunde abverlangten.<\/p>\n<p>Mittendrin wurden wir unterbrochen und so musste Shaniqua erstmal mit der H\u00e4lfte der Namen zurechtkommen. Es sollte in Richtung Weser gehen. Dort angekommen teilte sich unsere Gruppe auf 2 Boote auf, denn wir wollten Bremen per &#8222;Wassertaxi&#8220; erreichen. Auf der H\u00e4lfte des Weges, mussten wir schleusen und da die Sportbootschleuse au\u00dfer Betrieb war mussten wir durch die Gro\u00dfe (wo uns direkt mal ein riesen Schiff entgegenkam). &#8222;Die Gei\u00dfens&#8220; (not rly aber irgendwie \u00e4hnlich *spooky*) und wir teilten sie uns mit 5 weiteren Booten. Hinter der Schleuse wieder mit Volldampf voraus bis zu einer Anlegestelle in der N\u00e4he unseres Ziels.<\/p>\n<p>Danke an die THW-Jungs und M\u00e4dls, die das m\u00f6glich gemacht haben!<\/p>\n<p>Gut gelaunt, allerdings mit dem einen oder anderen nassen Kleidungsst\u00fcck gingen wir &#8222;100-200m&#8220; weiter Richtung <a title=\"Schwarzlichthof\" href=\"http:\/\/www.schwarzlichthof.de\/\" target=\"_blank\">Schwarzlichthof<\/a>, wo wir zu einer Runde Minigolf angemeldet waren. Minigolf?? Altweiber\/m\u00e4nnersport? Nicht ganz! Denn im Schwarzlichthof spielt man Minigolf unter Schwarzlicht was irgendwie cool ist! Leider waren viel zu viele von uns Dunkel bekleidet wodurch das Schwarzlicht nicht seine komplette Leuchtkraft zeigen konnt \ud83d\ude41 Trotzdem &#8230; die Bahnen waren lustig zu spielen, da viele nicht gerade allt\u00e4glich waren und trotzdem jede Menge Geschick vorrausgesetzt wurde. Unsere Gewinner waren Satyrelle und Shaniqua mit jeweils 61 Punkten.<\/p>\n<p>Nach einer kurzen St\u00e4rkung fuhren wir mit den \u00d6ffis zur\u00fcck ins Gololand, wo Trudchen schon mitten in den Vorbereitungen f\u00fcr&#8217;s abendliche Grillen steckte. Mit ein paar helfenden H\u00e4nde wurden wir ganz fix fertig und konnten zum gem\u00fctlichen Teil \u00fcbergehen.<\/p>\n<p><strong>Sonntag&#8230;<\/strong><\/p>\n<p>&#8230; wurde nach dem Fr\u00fchst\u00fcck, abgerechnet, aufger\u00e4umt und palavert.<\/p>\n<p>Gegen Mittag brachen wir auf den Heimweg auf, der uns vor weniger Probleme stellte als bei der Hinfahrt.<\/p>\n<p><strong>Was soll ich sagen : Sch\u00f6n war&#8217;s \ud83d\ude42<\/strong><\/p>\n<p><strong>Und Nochmal DANKE f\u00fcr das tolle Treffen \ud83d\ude42<\/strong><\/p>\n","protected":false},"excerpt":{"rendered":"<p>16.08. &#8211; 18.08.2013 Wohin f\u00e4hrt man bei strahlendem Sonnenschein? Nat\u00fcrlich ins Gololand! Alte und neue Gesichter trafen sich wiedermal in der N\u00e4he von Bremen zu unserem &#8222;traditionellen&#8220; Sommertreffen. Ein gro\u00dfes Dankesch\u00f6n geht nat\u00fcrlich an unsere Veranstalter Gololo und Trudchen. Teilnehmer &hellip; <a href=\"https:\/\/phoenixraid.de\/wordpress\/?page_id=3524\">Weiterlesen <span class=\"meta-nav\">&rarr;<\/span><\/a><\/p>\n","protected":false},"author":17,"featured_media":0,"parent":0,"menu_order":1,"comment_status":"closed","ping_status":"open","template":"","meta":{"footnotes":""},"class_list":["post-3524","page","type-page","status-publish","hentry"],"_links":{"self":[{"href":"https:\/\/phoenixraid.de\/wordpress\/index.php?rest_route=\/wp\/v2\/pages\/3524","targetHints":{"allow":["GET"]}}],"collection":[{"href":"https:\/\/phoenixraid.de\/wordpress\/index.php?rest_route=\/wp\/v2\/pages"}],"about":[{"href":"https:\/\/phoenixraid.de\/wordpress\/index.php?rest_route=\/wp\/v2\/types\/page"}],"author":[{"embeddable":true,"href":"https:\/\/phoenixraid.de\/wordpress\/index.php?rest_route=\/wp\/v2\/users\/17"}],"replies":[{"embeddable":true,"href":"https:\/\/phoenixraid.de\/wordpress\/index.php?rest_route=%2Fwp%2Fv2%2Fcomments&post=3524"}],"version-history":[{"count":8,"href":"https:\/\/phoenixraid.de\/wordpress\/index.php?rest_route=\/wp\/v2\/pages\/3524\/revisions"}],"predecessor-version":[{"id":3818,"href":"https:\/\/phoenixraid.de\/wordpress\/index.php?rest_route=\/wp\/v2\/pages\/3524\/revisions\/3818"}],"wp:attachment":[{"href":"https:\/\/phoenixraid.de\/wordpress\/index.php?rest_route=%2Fwp%2Fv2%2Fmedia&parent=3524"}],"curies":[{"name":"wp","href":"https:\/\/api.w.org\/{rel}","templated":true}]}}